{"id":3972,"date":"2024-01-24T13:08:38","date_gmt":"2024-01-24T12:08:38","guid":{"rendered":"https:\/\/www.hoxyheads.com\/unkategorisiert\/hoxyheads-helmet-cover-clown-fish\/"},"modified":"2025-02-21T23:39:16","modified_gmt":"2025-02-21T22:39:16","slug":"hoxyheads-helmet-cover-clown-fish","status":"publish","type":"product","link":"https:\/\/www.hoxyheads.com\/de\/hoxyheads-ski-helmet-covers-de\/hoxyheads-helmet-cover-clown-fish\/","title":{"rendered":"Hoxyheads Helmet Cover CLOWN FISH"},"content":{"rendered":"<p>Ver\u00e4ndern Sie das Aussehen Ihres Skihelms mit Hoxyheads! Dieser Clownfisch verwandelt Ihren Skihelm in einen echten Blickfang. Er motiviert Kinder, einen Skihelm zu tragen, und f\u00fcr Eltern ist es einfacher, ihr(e) Kind(er) auf der Piste zu erkennen.<\/p>\n<p>Die Au\u00dfenseite des Skihelm\u00fcberzugs besteht aus weichem Pl\u00fcsch und die Innenseite aus Baumwolle. Auf der R\u00fcckseite befindet sich eine \u00d6ffnung, in die eine Skibrille eingesetzt werden kann. Alle Hoxyheads verf\u00fcgen \u00fcber eine elastische Kordel, die an den Seitenteilen des Skihelms befestigt und hinten fest gezogen werden kann, um einen optimalen Sitz am Helm zu gew\u00e4hrleisten. Der Bezug passt auf fast alle Skihelme!<\/p>\n<p>Sind Sie auf der Suche nach einem originellen Geschenk f\u00fcr einen Wintersportler? Oder sind Sie selbst einer und fallen gerne auf? Dann ist Hoxyheads genau das Richtige f\u00fcr Sie!<\/p>\n","protected":false},"excerpt":{"rendered":"<p>Ver\u00e4ndern Sie das Aussehen Ihres Skihelms mit Hoxyheads! Dieser Clownfisch verwandelt Ihren Skihelm in einen echten Blickfang. Er motiviert Kinder, einen Skihelm zu tragen, und f\u00fcr Eltern ist es einfacher, ihr(e) Kind(er) auf der Piste zu erkennen. Die Au\u00dfenseite des Skihelm\u00fcberzugs besteht aus weichem Pl\u00fcsch und die Innenseite aus Baumwolle. Auf der R\u00fcckseite befindet sich [&hellip;]<\/p>\n","protected":false},"featured_media":3961,"template":"","meta":[],"product_brand":[],"product_cat":[90],"product_tag":[],"class_list":{"0":"post-3972","1":"product","2":"type-product","3":"status-publish","4":"has-post-thumbnail","6":"product_cat-hoxyheads-ski-helmet-covers-de","8":"first","9":"instock","10":"taxable","11":"shipping-taxable","12":"purchasable","13":"product-type-simple"},"acf":[],"_links":{"self":[{"href":"https:\/\/www.hoxyheads.com\/de\/wp-json\/wp\/v2\/product\/3972","targetHints":{"allow":["GET"]}}],"collection":[{"href":"https:\/\/www.hoxyheads.com\/de\/wp-json\/wp\/v2\/product"}],"about":[{"href":"https:\/\/www.hoxyheads.com\/de\/wp-json\/wp\/v2\/types\/product"}],"wp:featuredmedia":[{"embeddable":true,"href":"https:\/\/www.hoxyheads.com\/de\/wp-json\/wp\/v2\/media\/3961"}],"wp:attachment":[{"href":"https:\/\/www.hoxyheads.com\/de\/wp-json\/wp\/v2\/media?parent=3972"}],"wp:term":[{"taxonomy":"product_brand","embeddable":true,"href":"https:\/\/www.hoxyheads.com\/de\/wp-json\/wp\/v2\/product_brand?post=3972"},{"taxonomy":"product_cat","embeddable":true,"href":"https:\/\/www.hoxyheads.com\/de\/wp-json\/wp\/v2\/product_cat?post=3972"},{"taxonomy":"product_tag","embeddable":true,"href":"https:\/\/www.hoxyheads.com\/de\/wp-json\/wp\/v2\/product_tag?post=3972"}],"curies":[{"name":"wp","href":"https:\/\/api.w.org\/{rel}","templated":true}]}}