{"id":3915,"date":"2017-02-10T00:00:00","date_gmt":"2017-02-09T23:00:00","guid":{"rendered":"https:\/\/www.hoxyheads.com\/unkategorisiert\/hoxyheads-helmet-cover-polar-bear\/"},"modified":"2025-12-07T12:14:49","modified_gmt":"2025-12-07T11:14:49","slug":"hoxyheads-helmet-cover-polar-bear","status":"publish","type":"product","link":"https:\/\/www.hoxyheads.com\/de\/hoxyheads-ski-helmet-covers-de\/hoxyheads-helmet-cover-polar-bear\/","title":{"rendered":"Hoxyheads helmet cover POLAR BEAR"},"content":{"rendered":"<p>Ver\u00e4ndern Sie das Aussehen Ihres Skihelms mit Hoxyheads! Diese Eisb\u00e4renh\u00fclle macht Ihren Skihelm zu einem echten Hingucker. Es motiviert Kinder zum Tragen eines Skihelms und f\u00fcr Eltern ist es auf der Piste einfacher, ihr(e) Kind(er) zu erkennen.<\/p>\n<p>Die Au\u00dfenseite des Skihelmbezugs besteht aus weichem Pl\u00fcsch und die Innenseite aus Baumwolle. Auf der R\u00fcckseite befindet sich eine \u00d6ffnung, so dass eine Skibrille angebracht werden kann. Alle Hoxyheads verf\u00fcgen \u00fcber eine elastische Kordel, die an den Seitenteilen des Skihelms befestigt und hinten festgezogen werden kann, um eine optimale Anpassung an den Helm zu gew\u00e4hrleisten. Der Bezug passt auf fast alle Skihelme!<\/p>\n<p>Sie suchen ein originelles Geschenk f\u00fcr einen Wintersportfan? Oder sind Sie selbst einer und fallen gerne auf? Dann ist Hoxyheads genau das Richtige f\u00fcr Sie!<\/p>\n","protected":false},"excerpt":{"rendered":"<p>Ver\u00e4ndern Sie das Aussehen Ihres Skihelms mit Hoxyheads! Diese Eisb\u00e4renh\u00fclle macht Ihren Skihelm zu einem echten Hingucker. Es motiviert Kinder zum Tragen eines Skihelms und f\u00fcr Eltern ist es auf der Piste einfacher, ihr(e) Kind(er) zu erkennen. Die Au\u00dfenseite des Skihelmbezugs besteht aus weichem Pl\u00fcsch und die Innenseite aus Baumwolle. Auf der R\u00fcckseite befindet sich [&hellip;]<\/p>\n","protected":false},"featured_media":3407,"template":"","meta":[],"product_brand":[],"product_cat":[90],"product_tag":[],"class_list":{"0":"post-3915","1":"product","2":"type-product","3":"status-publish","4":"has-post-thumbnail","6":"product_cat-hoxyheads-ski-helmet-covers-de","8":"first","9":"instock","10":"taxable","11":"shipping-taxable","12":"purchasable","13":"product-type-simple"},"acf":[],"_links":{"self":[{"href":"https:\/\/www.hoxyheads.com\/de\/wp-json\/wp\/v2\/product\/3915","targetHints":{"allow":["GET"]}}],"collection":[{"href":"https:\/\/www.hoxyheads.com\/de\/wp-json\/wp\/v2\/product"}],"about":[{"href":"https:\/\/www.hoxyheads.com\/de\/wp-json\/wp\/v2\/types\/product"}],"wp:featuredmedia":[{"embeddable":true,"href":"https:\/\/www.hoxyheads.com\/de\/wp-json\/wp\/v2\/media\/3407"}],"wp:attachment":[{"href":"https:\/\/www.hoxyheads.com\/de\/wp-json\/wp\/v2\/media?parent=3915"}],"wp:term":[{"taxonomy":"product_brand","embeddable":true,"href":"https:\/\/www.hoxyheads.com\/de\/wp-json\/wp\/v2\/product_brand?post=3915"},{"taxonomy":"product_cat","embeddable":true,"href":"https:\/\/www.hoxyheads.com\/de\/wp-json\/wp\/v2\/product_cat?post=3915"},{"taxonomy":"product_tag","embeddable":true,"href":"https:\/\/www.hoxyheads.com\/de\/wp-json\/wp\/v2\/product_tag?post=3915"}],"curies":[{"name":"wp","href":"https:\/\/api.w.org\/{rel}","templated":true}]}}