{"id":3901,"date":"2017-02-10T00:00:00","date_gmt":"2017-02-09T23:00:00","guid":{"rendered":"https:\/\/www.hoxyheads.com\/unkategorisiert\/hoxyheads-helmet-ears-rooster-comb\/"},"modified":"2026-02-13T17:41:03","modified_gmt":"2026-02-13T16:41:03","slug":"hoxyheads-helmet-ears-rooster-comb","status":"publish","type":"product","link":"https:\/\/www.hoxyheads.com\/de\/hoxyheads-helmet-ears-de\/hoxyheads-helmet-ears-rooster-comb\/","title":{"rendered":"Hoxyheads Helmet Ears ROOSTER COMB"},"content":{"rendered":"<p id=\"tw-target-text\" class=\"tw-data-text tw-ta tw-text-small\" dir=\"ltr\" data-placeholder=\"Vertaling\"><span lang=\"de\">Hoxyheads Hahnenkamm &amp; Augen machen Ihren Helm zu einem echten Hingucker<\/span>! Sie sind einfach zu befestigen und passen auf jeden Helm. Und nicht nur auf Skihelme &#8211; mit diesen Hahnenkamm &amp; Augen k\u00f6nnen auch Fahrradhelme oder Skatehelme gepimpt werden!<\/p>\n<p class=\"tw-data-text tw-ta tw-text-small\" dir=\"ltr\" data-placeholder=\"Vertaling\">Der Hahnenkamm und die Augen sind aus weichem Pl\u00fcsch hergestellt und\u00a0sind sehr einfach an dem Helm zu befestigen. Zuerst muss die Oberfl\u00e4che auf dem Helm sauber, trocken und fettfrei sein. Dann kann das Papier vom doppelseitigen Klebeband am Klettverschluss entfernt werden und dr\u00fcckt man das Ganze fest auf den Helm. Nach einer Nacht, in der der Leim gut getrocknet ist, kann es auf die Piste gehen!<\/p>\n<p>Achtung: benutzen Sie ein Reinigungsmittel zum Entfetten, dass nicht die Au\u00dfenschicht des Helms besch\u00e4digt! Beachten Sie die Gebrauchsanweisung des Helmes oder probieren Sie das Mittel erst auf einem kleinen St\u00fcck aus.<\/p>\n","protected":false},"excerpt":{"rendered":"<p>Hoxyheads Hahnenkamm &amp; Augen machen Ihren Helm zu einem echten Hingucker! Sie sind einfach zu befestigen und passen auf jeden Helm. Und nicht nur auf Skihelme &#8211; mit diesen Hahnenkamm &amp; Augen k\u00f6nnen auch Fahrradhelme oder Skatehelme gepimpt werden! Der Hahnenkamm und die Augen sind aus weichem Pl\u00fcsch hergestellt und\u00a0sind sehr einfach an dem Helm [&hellip;]<\/p>\n","protected":false},"featured_media":3259,"template":"","meta":[],"product_brand":[],"product_cat":[92],"product_tag":[],"class_list":{"0":"post-3901","1":"product","2":"type-product","3":"status-publish","4":"has-post-thumbnail","6":"product_cat-hoxyheads-helmet-ears-de","8":"first","9":"instock","10":"taxable","11":"shipping-taxable","12":"purchasable","13":"product-type-simple"},"acf":[],"_links":{"self":[{"href":"https:\/\/www.hoxyheads.com\/de\/wp-json\/wp\/v2\/product\/3901","targetHints":{"allow":["GET"]}}],"collection":[{"href":"https:\/\/www.hoxyheads.com\/de\/wp-json\/wp\/v2\/product"}],"about":[{"href":"https:\/\/www.hoxyheads.com\/de\/wp-json\/wp\/v2\/types\/product"}],"wp:featuredmedia":[{"embeddable":true,"href":"https:\/\/www.hoxyheads.com\/de\/wp-json\/wp\/v2\/media\/3259"}],"wp:attachment":[{"href":"https:\/\/www.hoxyheads.com\/de\/wp-json\/wp\/v2\/media?parent=3901"}],"wp:term":[{"taxonomy":"product_brand","embeddable":true,"href":"https:\/\/www.hoxyheads.com\/de\/wp-json\/wp\/v2\/product_brand?post=3901"},{"taxonomy":"product_cat","embeddable":true,"href":"https:\/\/www.hoxyheads.com\/de\/wp-json\/wp\/v2\/product_cat?post=3901"},{"taxonomy":"product_tag","embeddable":true,"href":"https:\/\/www.hoxyheads.com\/de\/wp-json\/wp\/v2\/product_tag?post=3901"}],"curies":[{"name":"wp","href":"https:\/\/api.w.org\/{rel}","templated":true}]}}