{"id":3895,"date":"2017-02-10T00:00:00","date_gmt":"2017-02-09T23:00:00","guid":{"rendered":"https:\/\/www.hoxyheads.com\/unkategorisiert\/hoxyheads-helmet-cover-tiger\/"},"modified":"2025-12-04T23:58:49","modified_gmt":"2025-12-04T22:58:49","slug":"hoxyheads-helmet-cover-tiger","status":"publish","type":"product","link":"https:\/\/www.hoxyheads.com\/de\/hoxyheads-ski-helmet-covers-de\/hoxyheads-helmet-cover-tiger\/","title":{"rendered":"Hoxyheads helmet cover TIGER"},"content":{"rendered":"<p>Mit diesem \u00dcberzug f\u00fcr den Skihelm sieht es aus, als ob ein Tiger die Piste runterf\u00e4hrt!\u00a0Das Tragen von einem Hoxyheads Skihelm Cover macht Spass und stimuliert Kinder, einen Skihelm zu tragen. F\u00fcr Eltern ist es dazu sehr einfach, ihre Kinder auf der Piste zu erkennen.<\/p>\n<p>Die Au\u00dfenseite des \u00dcberzugs ist aus weichem Pl\u00fcsch hergestellt und die Innenseite besteht aus Baumwolle. Der \u00dcberzug l\u00e4sst sich leicht in der Gr\u00f6\u00dfe anpassen und passt dadurch auf praktisch jeden Skihelm, von Kindern oder Erwachsenen.<\/p>\n<p>Suchen Sie also ein originelles Geschenk f\u00fcr den Skiurlaub? Oder fallen Sie selbst gern auf? Dann ist der Hoxyheads etwas f\u00fcr Sie!<\/p>\n","protected":false},"excerpt":{"rendered":"<p>Mit diesem \u00dcberzug f\u00fcr den Skihelm sieht es aus, als ob ein Tiger die Piste runterf\u00e4hrt!\u00a0Das Tragen von einem Hoxyheads Skihelm Cover macht Spass und stimuliert Kinder, einen Skihelm zu tragen. F\u00fcr Eltern ist es dazu sehr einfach, ihre Kinder auf der Piste zu erkennen. Die Au\u00dfenseite des \u00dcberzugs ist aus weichem Pl\u00fcsch hergestellt und [&hellip;]<\/p>\n","protected":false},"featured_media":3284,"template":"","meta":[],"product_brand":[],"product_cat":[90],"product_tag":[],"class_list":{"0":"post-3895","1":"product","2":"type-product","3":"status-publish","4":"has-post-thumbnail","6":"product_cat-hoxyheads-ski-helmet-covers-de","8":"first","9":"instock","10":"taxable","11":"shipping-taxable","12":"purchasable","13":"product-type-simple"},"acf":[],"_links":{"self":[{"href":"https:\/\/www.hoxyheads.com\/de\/wp-json\/wp\/v2\/product\/3895","targetHints":{"allow":["GET"]}}],"collection":[{"href":"https:\/\/www.hoxyheads.com\/de\/wp-json\/wp\/v2\/product"}],"about":[{"href":"https:\/\/www.hoxyheads.com\/de\/wp-json\/wp\/v2\/types\/product"}],"wp:featuredmedia":[{"embeddable":true,"href":"https:\/\/www.hoxyheads.com\/de\/wp-json\/wp\/v2\/media\/3284"}],"wp:attachment":[{"href":"https:\/\/www.hoxyheads.com\/de\/wp-json\/wp\/v2\/media?parent=3895"}],"wp:term":[{"taxonomy":"product_brand","embeddable":true,"href":"https:\/\/www.hoxyheads.com\/de\/wp-json\/wp\/v2\/product_brand?post=3895"},{"taxonomy":"product_cat","embeddable":true,"href":"https:\/\/www.hoxyheads.com\/de\/wp-json\/wp\/v2\/product_cat?post=3895"},{"taxonomy":"product_tag","embeddable":true,"href":"https:\/\/www.hoxyheads.com\/de\/wp-json\/wp\/v2\/product_tag?post=3895"}],"curies":[{"name":"wp","href":"https:\/\/api.w.org\/{rel}","templated":true}]}}