{"id":3884,"date":"2018-09-25T00:00:00","date_gmt":"2018-09-24T22:00:00","guid":{"rendered":"https:\/\/www.hoxyheads.com\/unkategorisiert\/hoxyheads-helmet-cover-moose\/"},"modified":"2026-02-16T11:51:15","modified_gmt":"2026-02-16T10:51:15","slug":"hoxyheads-helmet-cover-moose","status":"publish","type":"product","link":"https:\/\/www.hoxyheads.com\/de\/hoxyheads-ski-helmet-covers-de\/hoxyheads-helmet-cover-moose\/","title":{"rendered":"Hoxyheads helmet cover MOOSE"},"content":{"rendered":"<p>Erg\u00e4nzen Sie Ihr Ski-Outfit mit einem Hoxyheads Skihelm-Cover! Dieses Modell ist perfekt f\u00fcr Skifahren oder Snowboarden w\u00e4hrend Weihnachten oder Karneval! Du rutscht wie ein Elch \/ Rentiere den Hang hinunter. Auch ein sehr originelles Geschenk f\u00fcr einen Wintersportfan! Zum Beispiel unter dem Weihnachtsbaum.<\/p>\n<p>Das Tragen eines Hoxyheads Skihelmbezugs macht Spa\u00df und ermutigt Kinder, einen Skihelm zu tragen. F\u00fcr Eltern ist es einfacher, ihr Kind auf der Piste zu erkennen. Das \u00c4u\u00dfere des Skihelm-Bezuges ist aus weichem Pl\u00fcsch und die Innenseite ist aus Baumwolle. Der Bezug l\u00e4sst sich einfach anpassen und passt so auf fast jeden Skihelm!<\/p>\n","protected":false},"excerpt":{"rendered":"<p>Erg\u00e4nzen Sie Ihr Ski-Outfit mit einem Hoxyheads Skihelm-Cover! Dieses Modell ist perfekt f\u00fcr Skifahren oder Snowboarden w\u00e4hrend Weihnachten oder Karneval! Du rutscht wie ein Elch \/ Rentiere den Hang hinunter. Auch ein sehr originelles Geschenk f\u00fcr einen Wintersportfan! Zum Beispiel unter dem Weihnachtsbaum. Das Tragen eines Hoxyheads Skihelmbezugs macht Spa\u00df und ermutigt Kinder, einen Skihelm [&hellip;]<\/p>\n","protected":false},"featured_media":3229,"template":"","meta":[],"product_brand":[],"product_cat":[90],"product_tag":[],"class_list":{"0":"post-3884","1":"product","2":"type-product","3":"status-publish","4":"has-post-thumbnail","6":"product_cat-hoxyheads-ski-helmet-covers-de","8":"first","9":"instock","10":"taxable","11":"shipping-taxable","12":"purchasable","13":"product-type-simple"},"acf":[],"_links":{"self":[{"href":"https:\/\/www.hoxyheads.com\/de\/wp-json\/wp\/v2\/product\/3884","targetHints":{"allow":["GET"]}}],"collection":[{"href":"https:\/\/www.hoxyheads.com\/de\/wp-json\/wp\/v2\/product"}],"about":[{"href":"https:\/\/www.hoxyheads.com\/de\/wp-json\/wp\/v2\/types\/product"}],"wp:featuredmedia":[{"embeddable":true,"href":"https:\/\/www.hoxyheads.com\/de\/wp-json\/wp\/v2\/media\/3229"}],"wp:attachment":[{"href":"https:\/\/www.hoxyheads.com\/de\/wp-json\/wp\/v2\/media?parent=3884"}],"wp:term":[{"taxonomy":"product_brand","embeddable":true,"href":"https:\/\/www.hoxyheads.com\/de\/wp-json\/wp\/v2\/product_brand?post=3884"},{"taxonomy":"product_cat","embeddable":true,"href":"https:\/\/www.hoxyheads.com\/de\/wp-json\/wp\/v2\/product_cat?post=3884"},{"taxonomy":"product_tag","embeddable":true,"href":"https:\/\/www.hoxyheads.com\/de\/wp-json\/wp\/v2\/product_tag?post=3884"}],"curies":[{"name":"wp","href":"https:\/\/api.w.org\/{rel}","templated":true}]}}