{"id":3881,"date":"2018-09-25T00:00:00","date_gmt":"2018-09-24T22:00:00","guid":{"rendered":"https:\/\/www.hoxyheads.com\/unkategorisiert\/hoxyheads-helmet-cover-spotted-cat\/"},"modified":"2025-02-05T12:48:34","modified_gmt":"2025-02-05T11:48:34","slug":"hoxyheads-helmet-cover-spotted-cat","status":"publish","type":"product","link":"https:\/\/www.hoxyheads.com\/de\/hoxyheads-ski-helmet-covers-de\/hoxyheads-helmet-cover-spotted-cat\/","title":{"rendered":"Hoxyheads helmet cover SPOTTED CAT"},"content":{"rendered":"<p>Erg\u00e4nzen Sie Ihr Ski-Outfit mit einem Hoxyheads Skihelm-Cover!\u00a0Dieser Skihelmbezug sieht aus wie ein Stofftier! Die gefleckte Katze hat gro\u00dfe s\u00fc\u00dfe Augen, einen weichen Mantel aus Pl\u00fcsch in den Farben Pink und Hellblau und die Innenseite der Ohren ist mit dem gl\u00e4nzenden Material bedeckt. Mit diesem Skihelm-Cover siehst du richtig s\u00fc\u00df und kuschelig aus!<\/p>\n<p>Das Tragen eines Hoxyheads Skihelmbezugs macht Spa\u00df und ermutigt Kinder, einen Skihelm zu tragen. F\u00fcr Eltern ist es einfacher, ihr Kind auf der Piste zu erkennen. Der Bezug l\u00e4sst sich einfach anpassen und passt so auf fast jeden Skihelm!<\/p>\n","protected":false},"excerpt":{"rendered":"<p>Erg\u00e4nzen Sie Ihr Ski-Outfit mit einem Hoxyheads Skihelm-Cover!\u00a0Dieser Skihelmbezug sieht aus wie ein Stofftier! Die gefleckte Katze hat gro\u00dfe s\u00fc\u00dfe Augen, einen weichen Mantel aus Pl\u00fcsch in den Farben Pink und Hellblau und die Innenseite der Ohren ist mit dem gl\u00e4nzenden Material bedeckt. Mit diesem Skihelm-Cover siehst du richtig s\u00fc\u00df und kuschelig aus! Das Tragen [&hellip;]<\/p>\n","protected":false},"featured_media":3217,"template":"","meta":[],"product_brand":[],"product_cat":[90],"product_tag":[],"class_list":{"0":"post-3881","1":"product","2":"type-product","3":"status-publish","4":"has-post-thumbnail","6":"product_cat-hoxyheads-ski-helmet-covers-de","8":"first","9":"instock","10":"taxable","11":"shipping-taxable","12":"purchasable","13":"product-type-simple"},"acf":[],"_links":{"self":[{"href":"https:\/\/www.hoxyheads.com\/de\/wp-json\/wp\/v2\/product\/3881","targetHints":{"allow":["GET"]}}],"collection":[{"href":"https:\/\/www.hoxyheads.com\/de\/wp-json\/wp\/v2\/product"}],"about":[{"href":"https:\/\/www.hoxyheads.com\/de\/wp-json\/wp\/v2\/types\/product"}],"wp:featuredmedia":[{"embeddable":true,"href":"https:\/\/www.hoxyheads.com\/de\/wp-json\/wp\/v2\/media\/3217"}],"wp:attachment":[{"href":"https:\/\/www.hoxyheads.com\/de\/wp-json\/wp\/v2\/media?parent=3881"}],"wp:term":[{"taxonomy":"product_brand","embeddable":true,"href":"https:\/\/www.hoxyheads.com\/de\/wp-json\/wp\/v2\/product_brand?post=3881"},{"taxonomy":"product_cat","embeddable":true,"href":"https:\/\/www.hoxyheads.com\/de\/wp-json\/wp\/v2\/product_cat?post=3881"},{"taxonomy":"product_tag","embeddable":true,"href":"https:\/\/www.hoxyheads.com\/de\/wp-json\/wp\/v2\/product_tag?post=3881"}],"curies":[{"name":"wp","href":"https:\/\/api.w.org\/{rel}","templated":true}]}}