{"id":3879,"date":"2018-09-25T00:00:00","date_gmt":"2018-09-24T22:00:00","guid":{"rendered":"https:\/\/www.hoxyheads.com\/unkategorisiert\/hoxyheads-helmet-ears-cat-ears\/"},"modified":"2025-11-04T08:39:58","modified_gmt":"2025-11-04T07:39:58","slug":"hoxyheads-helmet-ears-cat-ears","status":"publish","type":"product","link":"https:\/\/www.hoxyheads.com\/de\/hoxyheads-helmet-ears-de\/hoxyheads-helmet-ears-cat-ears\/","title":{"rendered":"Hoxyheads Helmet Ears CAT EARS"},"content":{"rendered":"<p><strong>Hoxyheads Cat Ears<\/strong>, eines der neuesten Hoxyheads Modelle f\u00fcr die Wintersaison 2018-2019. Das Tragen von Katzenohren war in letzter Zeit sehr popul\u00e4r, teilweise aufgrund der S\u00e4ngerin Ariane Grande. Sie k\u00f6nnen sie auf dem Laufsteg, auf Partys und auf der Stra\u00dfe sehen. Und ab jetzt auch auf der Skipiste oder Skate-Strecke. Sie k\u00f6nnen diese Katzenohren einfach an Ihrem Skihelm, Fahrradhelm oder Skatehelm befestigen. <strong>Hoxyheads Cat Ears <\/strong>sind aus pinkfarbenem Pl\u00fcsch und die Innenseite der Ohren ist aus gl\u00e4nzendem Stoff. Spa\u00df f\u00fcr Jung und Alt! Ideal f\u00fcr Kinder, weil es sie motiviert, einen Helm zu tragen!<\/p>\n","protected":false},"excerpt":{"rendered":"<p>Hoxyheads Cat Ears, eines der neuesten Hoxyheads Modelle f\u00fcr die Wintersaison 2018-2019. Das Tragen von Katzenohren war in letzter Zeit sehr popul\u00e4r, teilweise aufgrund der S\u00e4ngerin Ariane Grande. Sie k\u00f6nnen sie auf dem Laufsteg, auf Partys und auf der Stra\u00dfe sehen. Und ab jetzt auch auf der Skipiste oder Skate-Strecke. Sie k\u00f6nnen diese Katzenohren einfach [&hellip;]<\/p>\n","protected":false},"featured_media":5938,"template":"","meta":[],"product_brand":[],"product_cat":[92],"product_tag":[],"class_list":{"0":"post-3879","1":"product","2":"type-product","3":"status-publish","4":"has-post-thumbnail","6":"product_cat-hoxyheads-helmet-ears-de","8":"first","9":"instock","10":"taxable","11":"shipping-taxable","12":"purchasable","13":"product-type-simple"},"acf":[],"_links":{"self":[{"href":"https:\/\/www.hoxyheads.com\/de\/wp-json\/wp\/v2\/product\/3879","targetHints":{"allow":["GET"]}}],"collection":[{"href":"https:\/\/www.hoxyheads.com\/de\/wp-json\/wp\/v2\/product"}],"about":[{"href":"https:\/\/www.hoxyheads.com\/de\/wp-json\/wp\/v2\/types\/product"}],"wp:featuredmedia":[{"embeddable":true,"href":"https:\/\/www.hoxyheads.com\/de\/wp-json\/wp\/v2\/media\/5938"}],"wp:attachment":[{"href":"https:\/\/www.hoxyheads.com\/de\/wp-json\/wp\/v2\/media?parent=3879"}],"wp:term":[{"taxonomy":"product_brand","embeddable":true,"href":"https:\/\/www.hoxyheads.com\/de\/wp-json\/wp\/v2\/product_brand?post=3879"},{"taxonomy":"product_cat","embeddable":true,"href":"https:\/\/www.hoxyheads.com\/de\/wp-json\/wp\/v2\/product_cat?post=3879"},{"taxonomy":"product_tag","embeddable":true,"href":"https:\/\/www.hoxyheads.com\/de\/wp-json\/wp\/v2\/product_tag?post=3879"}],"curies":[{"name":"wp","href":"https:\/\/api.w.org\/{rel}","templated":true}]}}