{"id":3877,"date":"2019-11-21T00:00:00","date_gmt":"2019-11-20T23:00:00","guid":{"rendered":"https:\/\/www.hoxyheads.com\/unkategorisiert\/hoxyheads-helmet-cover-unicorn\/"},"modified":"2025-02-05T12:48:41","modified_gmt":"2025-02-05T11:48:41","slug":"hoxyheads-helmet-cover-unicorn","status":"publish","type":"product","link":"https:\/\/www.hoxyheads.com\/de\/hoxyheads-ski-helmet-covers-de\/hoxyheads-helmet-cover-unicorn\/","title":{"rendered":"Hoxyheads helmet cover UNICORN"},"content":{"rendered":"<p>Vor allem bei M\u00e4dchen erfreuen sich Einh\u00f6rner gro\u00dfer Beliebtheit. F\u00fcr Wintersportler gibt es jetzt auch den Hoxyheads Skihelm\u00fcberzug Einhorn. Zus\u00e4tzlich zu einem Einhorn-Strampler und Einhorn-Hausschuhen ist dies wirklich ein Muss f\u00fcr den Wintersport-Einhorn-Enthusiasten!<\/p>\n<p>Vervollst\u00e4ndigen Sie Ihr Ski-Outfit mit einem Hoxyheads-Skihelm\u00fcberzug! Dieser Skihelm\u00fcberzug sieht aus wie ein Stofftier! Das Einhorn hat ein goldfarbenes Horn und ein weiches Pl\u00fcschfell in Wei\u00df und Rosa. Mit diesem Skihelm\u00fcberzug fallen Sie im Schnee auf und sehen zum Kuscheln richtig gut aus!<\/p>\n<p>Das Tragen eines Hoxyheads-Skihelm\u00fcberzugs macht Spa\u00df und regt Kinder zum Tragen eines Skihelms an. F\u00fcr Eltern ist es auf der Piste einfacher, ihr(e) Kind(er) zu erkennen. Sie k\u00f6nnen den Bezug ganz einfach verstellen, sodass der Bezug auf fast jeden Skihelm passt!<\/p>\n<p>Glaubst du an Einh\u00f6rner? Das tun wir!<\/p>\n","protected":false},"excerpt":{"rendered":"<p>Vor allem bei M\u00e4dchen erfreuen sich Einh\u00f6rner gro\u00dfer Beliebtheit. F\u00fcr Wintersportler gibt es jetzt auch den Hoxyheads Skihelm\u00fcberzug Einhorn. Zus\u00e4tzlich zu einem Einhorn-Strampler und Einhorn-Hausschuhen ist dies wirklich ein Muss f\u00fcr den Wintersport-Einhorn-Enthusiasten! Vervollst\u00e4ndigen Sie Ihr Ski-Outfit mit einem Hoxyheads-Skihelm\u00fcberzug! Dieser Skihelm\u00fcberzug sieht aus wie ein Stofftier! Das Einhorn hat ein goldfarbenes Horn und ein [&hellip;]<\/p>\n","protected":false},"featured_media":3404,"template":"","meta":[],"product_brand":[],"product_cat":[90],"product_tag":[],"class_list":{"0":"post-3877","1":"product","2":"type-product","3":"status-publish","4":"has-post-thumbnail","6":"product_cat-hoxyheads-ski-helmet-covers-de","8":"first","9":"instock","10":"taxable","11":"shipping-taxable","12":"purchasable","13":"product-type-simple"},"acf":[],"_links":{"self":[{"href":"https:\/\/www.hoxyheads.com\/de\/wp-json\/wp\/v2\/product\/3877","targetHints":{"allow":["GET"]}}],"collection":[{"href":"https:\/\/www.hoxyheads.com\/de\/wp-json\/wp\/v2\/product"}],"about":[{"href":"https:\/\/www.hoxyheads.com\/de\/wp-json\/wp\/v2\/types\/product"}],"wp:featuredmedia":[{"embeddable":true,"href":"https:\/\/www.hoxyheads.com\/de\/wp-json\/wp\/v2\/media\/3404"}],"wp:attachment":[{"href":"https:\/\/www.hoxyheads.com\/de\/wp-json\/wp\/v2\/media?parent=3877"}],"wp:term":[{"taxonomy":"product_brand","embeddable":true,"href":"https:\/\/www.hoxyheads.com\/de\/wp-json\/wp\/v2\/product_brand?post=3877"},{"taxonomy":"product_cat","embeddable":true,"href":"https:\/\/www.hoxyheads.com\/de\/wp-json\/wp\/v2\/product_cat?post=3877"},{"taxonomy":"product_tag","embeddable":true,"href":"https:\/\/www.hoxyheads.com\/de\/wp-json\/wp\/v2\/product_tag?post=3877"}],"curies":[{"name":"wp","href":"https:\/\/api.w.org\/{rel}","templated":true}]}}