{"id":3871,"date":"2020-10-20T00:00:00","date_gmt":"2020-10-19T22:00:00","guid":{"rendered":"https:\/\/www.hoxyheads.com\/unkategorisiert\/hoxyheads-helmet-cover-devil\/"},"modified":"2025-02-05T12:48:52","modified_gmt":"2025-02-05T11:48:52","slug":"hoxyheads-helmet-cover-devil","status":"publish","type":"product","link":"https:\/\/www.hoxyheads.com\/de\/hoxyheads-ski-helmet-covers-de\/hoxyheads-helmet-cover-devil\/","title":{"rendered":"Hoxyheads helmet cover DEVIL"},"content":{"rendered":"<p>Diese coolen roten Teufel verleihen deinem Helm einen markanten und lustigen Look. Sie lassen sich einfach an Ihrem Skihelm, Fahrradhelm oder Skate Helm befestigen. Magst du gruselige Dinge? Bist du ein echter Geschwindigkeitsd\u00e4mon? Dann sind diese Hoxyheads wirklich etwas f\u00fcr dich!<\/p>\n<p>Das Tragen eines Hoxyheads Skihelmbezugs macht Spa\u00df und ermutigt Kinder, einen Skihelm zu tragen. F\u00fcr Eltern ist es einfacher, ihr Kind auf der Piste zu erkennen. Das \u00c4u\u00dfere des Skihelm-Bezuges ist aus weichem Pl\u00fcsch und die Innenseite ist aus Baumwolle. Der Bezug l\u00e4sst sich einfach anpassen und passt so auf fast jeden Skihelm!<\/p>\n","protected":false},"excerpt":{"rendered":"<p>Diese coolen roten Teufel verleihen deinem Helm einen markanten und lustigen Look. Sie lassen sich einfach an Ihrem Skihelm, Fahrradhelm oder Skate Helm befestigen. Magst du gruselige Dinge? Bist du ein echter Geschwindigkeitsd\u00e4mon? Dann sind diese Hoxyheads wirklich etwas f\u00fcr dich! Das Tragen eines Hoxyheads Skihelmbezugs macht Spa\u00df und ermutigt Kinder, einen Skihelm zu tragen. [&hellip;]<\/p>\n","protected":false},"featured_media":3194,"template":"","meta":[],"product_brand":[],"product_cat":[90],"product_tag":[],"class_list":{"0":"post-3871","1":"product","2":"type-product","3":"status-publish","4":"has-post-thumbnail","6":"product_cat-hoxyheads-ski-helmet-covers-de","8":"first","9":"outofstock","10":"taxable","11":"shipping-taxable","12":"purchasable","13":"product-type-simple"},"acf":[],"_links":{"self":[{"href":"https:\/\/www.hoxyheads.com\/de\/wp-json\/wp\/v2\/product\/3871","targetHints":{"allow":["GET"]}}],"collection":[{"href":"https:\/\/www.hoxyheads.com\/de\/wp-json\/wp\/v2\/product"}],"about":[{"href":"https:\/\/www.hoxyheads.com\/de\/wp-json\/wp\/v2\/types\/product"}],"wp:featuredmedia":[{"embeddable":true,"href":"https:\/\/www.hoxyheads.com\/de\/wp-json\/wp\/v2\/media\/3194"}],"wp:attachment":[{"href":"https:\/\/www.hoxyheads.com\/de\/wp-json\/wp\/v2\/media?parent=3871"}],"wp:term":[{"taxonomy":"product_brand","embeddable":true,"href":"https:\/\/www.hoxyheads.com\/de\/wp-json\/wp\/v2\/product_brand?post=3871"},{"taxonomy":"product_cat","embeddable":true,"href":"https:\/\/www.hoxyheads.com\/de\/wp-json\/wp\/v2\/product_cat?post=3871"},{"taxonomy":"product_tag","embeddable":true,"href":"https:\/\/www.hoxyheads.com\/de\/wp-json\/wp\/v2\/product_tag?post=3871"}],"curies":[{"name":"wp","href":"https:\/\/api.w.org\/{rel}","templated":true}]}}