{"id":3869,"date":"2022-09-12T00:00:00","date_gmt":"2022-09-11T22:00:00","guid":{"rendered":"https:\/\/www.hoxyheads.com\/unkategorisiert\/hoxyheads-helmet-cover-koala-bear\/"},"modified":"2025-02-05T12:48:58","modified_gmt":"2025-02-05T11:48:58","slug":"hoxyheads-helmet-cover-koala-bear","status":"publish","type":"product","link":"https:\/\/www.hoxyheads.com\/de\/hoxyheads-ski-helmet-covers-de\/hoxyheads-helmet-cover-koala-bear\/","title":{"rendered":"Hoxyheads Helmet Cover KOALA BEAR"},"content":{"rendered":"<p>Vervollst\u00e4ndigen Sie Ihr Ski-Outfit mit einem Hoxyheads Skihelmbezug! Mit dem Koala-Skihelmbezug fahren Sie die Pisten hinunter wie ein Teddyb\u00e4r. Dieser Helm\u00fcberzug eignet sich auch sehr gut als Geschenk f\u00fcr einen Skisportler!<\/p>\n<p>Das Tragen eines Hoxyheads-Helm\u00fcberzugs macht Spa\u00df und motiviert die Kinder, einen Helm zu tragen. F\u00fcr die Eltern ist es einfacher, ihr(e) Kind(er) auf der Piste zu erkennen.\u00a0Die Au\u00dfenseite des Helmbezugs ist aus weichem Pl\u00fcsch und die Innenseite aus Baumwolle.\u00a0Die Abdeckung kann leicht angepasst werden, so dass sie praktisch auf jeden Helm passt!<\/p>\n","protected":false},"excerpt":{"rendered":"<p>Vervollst\u00e4ndigen Sie Ihr Ski-Outfit mit einem Hoxyheads Skihelmbezug! Mit dem Koala-Skihelmbezug fahren Sie die Pisten hinunter wie ein Teddyb\u00e4r. Dieser Helm\u00fcberzug eignet sich auch sehr gut als Geschenk f\u00fcr einen Skisportler! Das Tragen eines Hoxyheads-Helm\u00fcberzugs macht Spa\u00df und motiviert die Kinder, einen Helm zu tragen. F\u00fcr die Eltern ist es einfacher, ihr(e) Kind(er) auf der [&hellip;]<\/p>\n","protected":false},"featured_media":3082,"template":"","meta":[],"product_brand":[],"product_cat":[90],"product_tag":[],"class_list":{"0":"post-3869","1":"product","2":"type-product","3":"status-publish","4":"has-post-thumbnail","6":"product_cat-hoxyheads-ski-helmet-covers-de","8":"first","9":"instock","10":"taxable","11":"shipping-taxable","12":"purchasable","13":"product-type-simple"},"acf":[],"_links":{"self":[{"href":"https:\/\/www.hoxyheads.com\/de\/wp-json\/wp\/v2\/product\/3869","targetHints":{"allow":["GET"]}}],"collection":[{"href":"https:\/\/www.hoxyheads.com\/de\/wp-json\/wp\/v2\/product"}],"about":[{"href":"https:\/\/www.hoxyheads.com\/de\/wp-json\/wp\/v2\/types\/product"}],"wp:featuredmedia":[{"embeddable":true,"href":"https:\/\/www.hoxyheads.com\/de\/wp-json\/wp\/v2\/media\/3082"}],"wp:attachment":[{"href":"https:\/\/www.hoxyheads.com\/de\/wp-json\/wp\/v2\/media?parent=3869"}],"wp:term":[{"taxonomy":"product_brand","embeddable":true,"href":"https:\/\/www.hoxyheads.com\/de\/wp-json\/wp\/v2\/product_brand?post=3869"},{"taxonomy":"product_cat","embeddable":true,"href":"https:\/\/www.hoxyheads.com\/de\/wp-json\/wp\/v2\/product_cat?post=3869"},{"taxonomy":"product_tag","embeddable":true,"href":"https:\/\/www.hoxyheads.com\/de\/wp-json\/wp\/v2\/product_tag?post=3869"}],"curies":[{"name":"wp","href":"https:\/\/api.w.org\/{rel}","templated":true}]}}