{"id":3849,"date":"2023-11-02T08:39:52","date_gmt":"2023-11-02T07:39:52","guid":{"rendered":"https:\/\/www.hoxyheads.com\/reseller-informatie\/"},"modified":"2023-11-28T14:00:11","modified_gmt":"2023-11-28T13:00:11","slug":"information-fuer-lieferanten","status":"publish","type":"page","link":"https:\/\/www.hoxyheads.com\/de\/information-fuer-lieferanten\/","title":{"rendered":"H\u00e4ndler Information"},"content":{"rendered":"<div class=\"gb-container gb-container-c15481de bg-gradient-vertical  alignfull\">\n<div class=\"gb-container gb-container-bd6111dc\">\n<div class=\"gb-grid-wrapper gb-grid-wrapper-825d7b1d\">\n<div class=\"gb-grid-column gb-grid-column-cbc7f658\"><div class=\"gb-container gb-container-cbc7f658\"><div class=\"gb-inside-container\">\n<nav aria-label=\"breadcrumbs\" class=\"rank-math-breadcrumb\"><p><span class=\"last\">Home<\/span><\/p><\/nav>\n\n<\/div><\/div><\/div>\n<\/div>\n<\/div>\n<\/div>\n\n<div class=\"gb-container gb-container-9f8230ed\">\n<div class=\"gb-container gb-container-28bc97cd\">\n\n<p>SL BAGS ist exklusiver Lizenzhalter der Marke Hoxyheads\u00a9. SL BAGS produziert die Skihelm Cover und ist verantwortlich f\u00fcr die weltweite Distribution und Marketing. Die Skihelm Covers von Hoxyheads haben einen hohen Spa\u00dffaktor und sorgen daf\u00fcr, dass Kinder beim Skifahren und Snowboarden gerne einen Helm tragen! Zudem ist es sehr einfach f\u00fcr Eltern, ihre Kinder mit einem Hoxyheads \u00dcberzug auf der Piste zu erkennen.<\/p>\n\n\n\n<p>Sind Hoxyheads Skihelm Cover eine passende Erweiterung Ihres Sportassortiments? M\u00f6chten Sie diese Artikel verkaufen oder wollen Sie mehr Information? Nehmen Sie dann Kontakt mit uns auf:<\/p>\n\n\n\n<p>SL Lederwaren B.V. \/ SL BAGS<br>Litauensestraat 4<br>7202 CN Zutphen<br>Die Niederlande<\/p>\n\n\n\n<p>T +31 (0) 575 \u2013 510077<br>F +31 (0) 575 \u2013 513715<\/p>\n\n\n\n<p><a href=\"mailto:info@slbags.com\">info@hoxyheads.com<\/a><\/p>\n\n\n\n<p>Handelskammer-Nr.: 09037995<\/p>\n\n\n\n<p>MwSt-Nr.:&nbsp;NL001207064B01<\/p>\n\n\n\n<p>Verkaufen Sie Sportartikel in einem Gesch\u00e4ft oder Webshop in einem der folgenden L\u00e4nder? Nehmen Sie dann mit dem jeweiligen Vertreter Kontakt auf.<\/p>\n\n\n\n<div class=\"wp-block-aab-group-accordion aagb_accordion_97439e96-93d9-48f3-99d5-f6a2d0f13ee2\">\n<div class=\"wp-block-aab-accordion-item aagb__accordion_container\" style=\"border:1px solid #cccccc;margin-top:0px;margin-bottom:15px;border-radius:0px\"><div class=\"aagb__accordion_head aab_right_icon\" data-active=\"false\" style=\"color:#333333;background-color:transparent;padding:10px 15px 10px 15px\"><div class=\"aagb__accordion_heading aab_right_icon\"><h4 class=\"aagb__accordion_title\" style=\"margin:0;color:#333333\"><strong>Belgium<\/strong><\/h4><\/div><div class=\"aagb__accordion_icon\" style=\"color:#333333;background-color:transparent\"><span class=\"aagb__icon dashicons dashicons-plus-alt2\"><\/span><\/div><\/div><div class=\"aagb__accordion_body \" role=\"region\" style=\"background-color:transparent;border-top:1px solid #cccccc;padding:10px 15px 10px 15px\">\n<p>Mike &amp; You<br>Rue Wattimez-Haut 76<br>6210 Sart-a-Reves<br>Belgium<br>+ 32 71 84 29 12<\/p>\n<\/div><\/div>\n\n\n\n<div class=\"wp-block-aab-accordion-item aagb__accordion_container\" style=\"border:1px solid #cccccc;margin-top:0px;margin-bottom:15px;border-radius:0px\"><div class=\"aagb__accordion_head aab_right_icon\" data-active=\"false\" style=\"color:#333333;background-color:transparent;padding:10px 15px 10px 15px\"><div class=\"aagb__accordion_heading aab_right_icon\"><h4 class=\"aagb__accordion_title\" style=\"margin:0;color:#333333\"><strong>Denmark<\/strong><\/h4><\/div><div class=\"aagb__accordion_icon\" style=\"color:#333333;background-color:transparent\"><span class=\"aagb__icon dashicons dashicons-plus-alt2\"><\/span><\/div><\/div><div class=\"aagb__accordion_body \" role=\"region\" style=\"background-color:transparent;border-top:1px solid #cccccc;padding:10px 15px 10px 15px\">\n<p>Rocks ApS<br>Malling Bjergevej 78<br>8340 Maling<br>Denmark<br>+ 45 535 61400<br><a href=\"mailto:info@rocksaps.dk\">info@rocksaps.dk<\/a><\/p>\n<\/div><\/div>\n\n\n\n<div class=\"wp-block-aab-accordion-item aagb__accordion_container\" style=\"border:1px solid #cccccc;margin-top:0px;margin-bottom:15px;border-radius:0px\"><div class=\"aagb__accordion_head aab_right_icon\" data-active=\"false\" style=\"color:#333333;background-color:transparent;padding:10px 15px 10px 15px\"><div class=\"aagb__accordion_heading aab_right_icon\"><h4 class=\"aagb__accordion_title\" style=\"margin:0;color:#333333\"><strong>Austria<\/strong><\/h4><\/div><div class=\"aagb__accordion_icon\" style=\"color:#333333;background-color:transparent\"><span class=\"aagb__icon dashicons dashicons-plus-alt2\"><\/span><\/div><\/div><div class=\"aagb__accordion_body \" role=\"region\" style=\"background-color:transparent;border-top:1px solid #cccccc;padding:10px 15px 10px 15px\">\n<p>SMP<br>Zeitlham 38<br>A-4055 Pucking<br>+ 43 676 4024589<br><a href=\"mailto:smp@speed.at\" target=\"_blank\" rel=\"noreferrer noopener\">smp@speed.at<\/a><\/p>\n<\/div><\/div>\n\n\n\n<div class=\"wp-block-aab-accordion-item aagb__accordion_container\" style=\"border:1px solid #cccccc;margin-top:0px;margin-bottom:15px;border-radius:0px\"><div class=\"aagb__accordion_head aab_right_icon\" data-active=\"false\" style=\"color:#333333;background-color:transparent;padding:10px 15px 10px 15px\"><div class=\"aagb__accordion_heading aab_right_icon\"><h4 class=\"aagb__accordion_title\" style=\"margin:0;color:#333333\"><strong>France<\/strong><\/h4><\/div><div class=\"aagb__accordion_icon\" style=\"color:#333333;background-color:transparent\"><span class=\"aagb__icon dashicons dashicons-plus-alt2\"><\/span><\/div><\/div><div class=\"aagb__accordion_body \" role=\"region\" style=\"background-color:transparent;border-top:1px solid #cccccc;padding:10px 15px 10px 15px\">\n<p>FRENDO<br>296 Avenue de la Tamontane<br>ZA Ath\u00e9lia IV<br>13600 LA CIOTAT<br>+ 33 4 28 29 23 70<br><a href=\"https:\/\/www.frendo.fr\/\" target=\"_blank\" rel=\"noopener\">www.frendo.fr&nbsp;<\/a><\/p>\n<\/div><\/div>\n\n\n\n<div class=\"wp-block-aab-accordion-item aagb__accordion_container\" style=\"border:1px solid #cccccc;margin-top:0px;margin-bottom:15px;border-radius:0px\"><div class=\"aagb__accordion_head aab_right_icon\" data-active=\"false\" style=\"color:#333333;background-color:transparent;padding:10px 15px 10px 15px\"><div class=\"aagb__accordion_heading aab_right_icon\"><h4 class=\"aagb__accordion_title\" style=\"margin:0;color:#333333\"><strong>Italy<\/strong><\/h4><\/div><div class=\"aagb__accordion_icon\" style=\"color:#333333;background-color:transparent\"><span class=\"aagb__icon dashicons dashicons-plus-alt2\"><\/span><\/div><\/div><div class=\"aagb__accordion_body \" role=\"region\" style=\"background-color:transparent;border-top:1px solid #cccccc;padding:10px 15px 10px 15px\">\n<p>THE CLAUNET DI TERRONI CLAUDIO<br>Via Carlo Viola 70 \/ L (complesso \u201cles arcades\u201d)<br>11026 Pont Saint Martin (AO)<br>+ 39 125 809093<br><a href=\"mailto:info@theclaunet.it\" target=\"_blank\" rel=\"noreferrer noopener\">info@theclaunet.it<\/a><br><a href=\"http:\/\/www.theclaunet.it\/\" target=\"_blank\" rel=\"noreferrer noopener\">www.theclaunet.it<\/a><\/p>\n\n\n\n<p>R.B. Society s.a.s.<br>Via Poirino, 363<br>10022 Carmagnola (TO)<br>+ 39 11 9795404<br><a href=\"mailto:rbsocietysas@gmail.com\" target=\"_blank\" rel=\"noreferrer noopener\">rbsocietysas@gmail.com<\/a><\/p>\n<\/div><\/div>\n\n\n\n<div class=\"wp-block-aab-accordion-item aagb__accordion_container\" style=\"border:1px solid #cccccc;margin-top:0px;margin-bottom:15px;border-radius:0px\"><div class=\"aagb__accordion_head aab_right_icon\" data-active=\"false\" style=\"color:#333333;background-color:transparent;padding:10px 15px 10px 15px\"><div class=\"aagb__accordion_heading aab_right_icon\"><h4 class=\"aagb__accordion_title\" style=\"margin:0;color:#333333\"><strong>Iceland<\/strong><\/h4><\/div><div class=\"aagb__accordion_icon\" style=\"color:#333333;background-color:transparent\"><span class=\"aagb__icon dashicons dashicons-plus-alt2\"><\/span><\/div><\/div><div class=\"aagb__accordion_body \" role=\"region\" style=\"background-color:transparent;border-top:1px solid #cccccc;padding:10px 15px 10px 15px\">\n<p>\u00dativera ehf.<br>Everest Ferda \u2013 og<br>\u00fativistarverslun<br>Skeifan 6<br>108 Reykjav\u00edk<br>+ 354 533 4450<br><a href=\"mailto:bokhald@everest.is\" target=\"_blank\" rel=\"noreferrer noopener\">bokhald@everest.is<\/a><\/p>\n<\/div><\/div>\n\n\n\n<div class=\"wp-block-aab-accordion-item aagb__accordion_container\" style=\"border:1px solid #cccccc;margin-top:0px;margin-bottom:15px;border-radius:0px\"><div class=\"aagb__accordion_head aab_right_icon\" data-active=\"false\" style=\"color:#333333;background-color:transparent;padding:10px 15px 10px 15px\"><div class=\"aagb__accordion_heading aab_right_icon\"><h4 class=\"aagb__accordion_title\" style=\"margin:0;color:#333333\"><strong>Switzerland<\/strong><\/h4><\/div><div class=\"aagb__accordion_icon\" style=\"color:#333333;background-color:transparent\"><span class=\"aagb__icon dashicons dashicons-plus-alt2\"><\/span><\/div><\/div><div class=\"aagb__accordion_body \" role=\"region\" style=\"background-color:transparent;border-top:1px solid #cccccc;padding:10px 15px 10px 15px\">\n<p>Second Wind SA<br>Immeuble des Platanes<br>19 chemin du Tsampi<br>CH \u2013 1997 Haute Nendaz<br>+41 79 628 86 48<br><a href=\"mailto:info@secondwind.ch\" target=\"_blank\" rel=\"noreferrer noopener\">info@secondwind.ch<\/a><br><a href=\"http:\/\/secondwind.ch\/index.html\" target=\"_blank\" rel=\"noreferrer noopener\">www.secondwind.ch<\/a><\/p>\n<\/div><\/div>\n\n\n\n<div class=\"wp-block-aab-accordion-item aagb__accordion_container\" style=\"border:1px solid #cccccc;margin-top:0px;margin-bottom:15px;border-radius:0px\"><div class=\"aagb__accordion_head aab_right_icon\" data-active=\"false\" style=\"color:#333333;background-color:transparent;padding:10px 15px 10px 15px\"><div class=\"aagb__accordion_heading aab_right_icon\"><h4 class=\"aagb__accordion_title\" style=\"margin:0;color:#333333\"><strong>Sweden<\/strong><\/h4><\/div><div class=\"aagb__accordion_icon\" style=\"color:#333333;background-color:transparent\"><span class=\"aagb__icon dashicons dashicons-plus-alt2\"><\/span><\/div><\/div><div class=\"aagb__accordion_body \" role=\"region\" style=\"background-color:transparent;border-top:1px solid #cccccc;padding:10px 15px 10px 15px\">\n<p>Frontflip AB<br>Ar\u00f6ds Industriv\u00e4g 40<br>41705 Gothenburg<br>+ 46 31 653 392<br>Sweden<br><a href=\"http:\/\/www.frontflip.se\/\" target=\"_blank\" rel=\"noopener\">www.frontflip.se<\/a><br><a href=\"mailto:info@frontflip.se\" target=\"_blank\" rel=\"noreferrer noopener\">info@frontflip.se<\/a><\/p>\n<\/div><\/div>\n\n\n\n<div class=\"wp-block-aab-accordion-item aagb__accordion_container\" style=\"border:1px solid #cccccc;margin-top:0px;margin-bottom:15px;border-radius:0px\"><div class=\"aagb__accordion_head aab_right_icon\" data-active=\"false\" style=\"color:#333333;background-color:transparent;padding:10px 15px 10px 15px\"><div class=\"aagb__accordion_heading aab_right_icon\"><h4 class=\"aagb__accordion_title\" style=\"margin:0;color:#333333\"><strong>China<\/strong><\/h4><\/div><div class=\"aagb__accordion_icon\" style=\"color:#333333;background-color:transparent\"><span class=\"aagb__icon dashicons dashicons-plus-alt2\"><\/span><\/div><\/div><div class=\"aagb__accordion_body \" role=\"region\" style=\"background-color:transparent;border-top:1px solid #cccccc;padding:10px 15px 10px 15px\">\n<p>Beijing Nature Power Sport Co.,ltd<br>1-10, No.1, Dongzhimennei Street, Dongcheng Dis.<br>Beijing, China 100027<br>+86 10 840 618 44<\/p>\n<\/div><\/div>\n<\/div>\n\n<\/div>\n<\/div>","protected":false},"excerpt":{"rendered":"<p>SL BAGS ist exklusiver Lizenzhalter der Marke Hoxyheads\u00a9. SL BAGS produziert die Skihelm Cover und ist verantwortlich f\u00fcr die weltweite Distribution und Marketing. Die Skihelm Covers von Hoxyheads haben einen hohen Spa\u00dffaktor und sorgen daf\u00fcr, dass Kinder beim Skifahren und Snowboarden gerne einen Helm tragen! Zudem ist es sehr einfach f\u00fcr Eltern, ihre Kinder mit [&hellip;]<\/p>\n","protected":false},"author":1,"featured_media":0,"parent":0,"menu_order":0,"comment_status":"closed","ping_status":"closed","template":"","meta":{"footnotes":""},"class_list":["post-3849","page","type-page","status-publish","hentry"],"blocksy_meta":[],"acf":[],"_links":{"self":[{"href":"https:\/\/www.hoxyheads.com\/de\/wp-json\/wp\/v2\/pages\/3849","targetHints":{"allow":["GET"]}}],"collection":[{"href":"https:\/\/www.hoxyheads.com\/de\/wp-json\/wp\/v2\/pages"}],"about":[{"href":"https:\/\/www.hoxyheads.com\/de\/wp-json\/wp\/v2\/types\/page"}],"author":[{"embeddable":true,"href":"https:\/\/www.hoxyheads.com\/de\/wp-json\/wp\/v2\/users\/1"}],"replies":[{"embeddable":true,"href":"https:\/\/www.hoxyheads.com\/de\/wp-json\/wp\/v2\/comments?post=3849"}],"version-history":[{"count":2,"href":"https:\/\/www.hoxyheads.com\/de\/wp-json\/wp\/v2\/pages\/3849\/revisions"}],"predecessor-version":[{"id":3851,"href":"https:\/\/www.hoxyheads.com\/de\/wp-json\/wp\/v2\/pages\/3849\/revisions\/3851"}],"wp:attachment":[{"href":"https:\/\/www.hoxyheads.com\/de\/wp-json\/wp\/v2\/media?parent=3849"}],"curies":[{"name":"wp","href":"https:\/\/api.w.org\/{rel}","templated":true}]}}