{"id":3784,"date":"2023-11-02T08:33:12","date_gmt":"2023-11-02T07:33:12","guid":{"rendered":"https:\/\/www.hoxyheads.com\/faq\/"},"modified":"2023-11-28T10:20:36","modified_gmt":"2023-11-28T09:20:36","slug":"faq","status":"publish","type":"page","link":"https:\/\/www.hoxyheads.com\/de\/faq\/","title":{"rendered":"FAQ"},"content":{"rendered":"<div class=\"gb-container gb-container-b3ad0f9b-d36b-473f-942f-7fc26b9a7832 bg-gradient-vertical  alignfull\">\n<div class=\"gb-container gb-container-d210a613\">\n<div class=\"gb-grid-wrapper gb-grid-wrapper-88b30240\">\n<div class=\"gb-grid-column gb-grid-column-5f110790\"><div class=\"gb-container gb-container-5f110790\"><div class=\"gb-inside-container\">\n<nav aria-label=\"breadcrumbs\" class=\"rank-math-breadcrumb\"><p><span class=\"last\">Home<\/span><\/p><\/nav>\n\n<\/div><\/div><\/div>\n<\/div>\n<\/div>\n<\/div>\n\n<div class=\"gb-container gb-container-4866e866\">\n<div class=\"gb-container gb-container-be407a02\">\n\n<div class=\"wp-block-aab-group-accordion aagb_accordion_e39c6a09-dcba-4ec8-926e-c9fc7ebc37c0\">\n<div class=\"wp-block-aab-accordion-item aagb__accordion_container\" style=\"border:1px solid #cccccc;margin-top:0px;margin-bottom:15px;border-radius:0px\"><div class=\"aagb__accordion_head aab_right_icon\" data-active=\"false\" style=\"color:#333333;background-color:transparent;padding:10px 15px 10px 15px\"><div class=\"aagb__accordion_heading aab_right_icon\"><h4 class=\"aagb__accordion_title\" style=\"margin:0;color:#333333\"><strong>Passt ein Hoxyheads Skihelm Cover auf alle Skihelme?<\/strong><\/h4><\/div><div class=\"aagb__accordion_icon\" style=\"color:#333333;background-color:transparent\"><span class=\"aagb__icon dashicons dashicons-plus-alt2\"><\/span><\/div><\/div><div class=\"aagb__accordion_body \" role=\"region\" style=\"background-color:transparent;border-top:1px solid #cccccc;padding:10px 15px 10px 15px\">\n<p>Ja sicher, one size fits all! Hoxyheads Skihelm Covers sind einfach in der Gr\u00f6\u00dfe anzupassen. Sie werden mit einer elastischen Schnur an den Seitenteilen des Helms befestigt und passen dadurch auf alle Skihelme, sowohl f\u00fcr Kinder als Erwachsene. &nbsp;Jung und Alt kann also den Skihelm pimpen!<\/p>\n\n\n\n<p style=\"margin-top:0;margin-bottom:0\"><strong>Achtung! Hoxyheads Skihelm\u00fcberz\u00fcge sind NICHT f\u00fcr Visierhelme geeignet!<\/strong><\/p>\n<\/div><\/div>\n\n\n\n<div class=\"wp-block-aab-accordion-item aagb__accordion_container\" style=\"border:1px solid #cccccc;margin-top:0px;margin-bottom:15px;border-radius:0px\"><div class=\"aagb__accordion_head aab_right_icon\" data-active=\"false\" style=\"color:#333333;background-color:transparent;padding:10px 15px 10px 15px\"><div class=\"aagb__accordion_heading aab_right_icon\"><h4 class=\"aagb__accordion_title\" style=\"margin:0;color:#333333\"><strong>Wie wird ein Hoxyheads Cover am Skihelm befestigt?<\/strong><\/h4><\/div><div class=\"aagb__accordion_icon\" style=\"color:#333333;background-color:transparent\"><span class=\"aagb__icon dashicons dashicons-plus-alt2\"><\/span><\/div><\/div><div class=\"aagb__accordion_body \" role=\"region\" style=\"background-color:transparent;border-top:1px solid #cccccc;padding:10px 15px 10px 15px\">\n<p style=\"margin-top:0;margin-bottom:0\">Es ist sehr einfach, einen Hoxyheads Skihelm Cover auf einem Skihelm anzubringen. Der Riemen des Helms wird an beiden Seiten durch 2 Schleifen an den Ohren gezogen. Dann kann das Cover an der R\u00fcckseite mit einer elastischen Schnur optimal in der L\u00e4nge an den Helm angepasst werden.<\/p>\n<\/div><\/div>\n\n\n\n<div class=\"wp-block-aab-accordion-item aagb__accordion_container\" style=\"border:1px solid #cccccc;margin-top:0px;margin-bottom:15px;border-radius:0px\"><div class=\"aagb__accordion_head aab_right_icon\" data-active=\"false\" style=\"color:#333333;background-color:transparent;padding:10px 15px 10px 15px\"><div class=\"aagb__accordion_heading aab_right_icon\"><h4 class=\"aagb__accordion_title\" style=\"margin:0;color:#333333\"><strong>Kann ich meine Skibrille noch tragen?<\/strong><\/h4><\/div><div class=\"aagb__accordion_icon\" style=\"color:#333333;background-color:transparent\"><span class=\"aagb__icon dashicons dashicons-plus-alt2\"><\/span><\/div><\/div><div class=\"aagb__accordion_body \" role=\"region\" style=\"background-color:transparent;border-top:1px solid #cccccc;padding:10px 15px 10px 15px\">\n<p style=\"margin-top:0;margin-bottom:0\">Aber sicher! An der R\u00fcckseite vom Hoxyheads Skihelm Cover ist eine \u00d6ffnung, so dass die Skibrille problemlos an den Helm angebracht werden kann.<\/p>\n<\/div><\/div>\n\n\n\n<div class=\"wp-block-aab-accordion-item aagb__accordion_container\" style=\"border:1px solid #cccccc;margin-top:0px;margin-bottom:15px;border-radius:0px\"><div class=\"aagb__accordion_head aab_right_icon\" data-active=\"false\" style=\"color:#333333;background-color:transparent;padding:10px 15px 10px 15px\"><div class=\"aagb__accordion_heading aab_right_icon\"><h4 class=\"aagb__accordion_title\" style=\"margin:0;color:#333333\"><strong>Wie befestige ich die Hoxyheads Skihelm Ohren?<\/strong><\/h4><\/div><div class=\"aagb__accordion_icon\" style=\"color:#333333;background-color:transparent\"><span class=\"aagb__icon dashicons dashicons-plus-alt2\"><\/span><\/div><\/div><div class=\"aagb__accordion_body \" role=\"region\" style=\"background-color:transparent;border-top:1px solid #cccccc;padding:10px 15px 10px 15px\">\n<p>Die Hoxyheads Skihelm Ohren und der dazu passende Schwanz sind sehr einfach an den Helm anzubringen. Zuerst muss die Fl\u00e4che auf dem Helm sauber, trocken und fettfrei sein. Dann kann das Papier vom doppelseitigen Klebeband am Klettverschluss entfernt werden und dr\u00fcckt man das Ganze fest auf den Helm. Nach einer Nacht, in der der Leim gut getrocknet ist, kann es auf die Piste gehen!<\/p>\n\n\n\n<p>Die Pl\u00fcschohren k\u00f6nnen auch auf diverse Fahrradhelme oder Skatehelme geklebt werden.<\/p>\n\n\n\n<p style=\"margin-top:0;margin-bottom:0\">Achtung: benutzen Sie ein Reinigungsmittel zum Entfetten, dass nicht die Au\u00dfenschicht des Helms besch\u00e4digt! Beachten Sie die Gebrauchsanweisung des Helmes oder probieren Sie das Mittel erst auf einem kleinen St\u00fcck aus.<\/p>\n<\/div><\/div>\n\n\n\n<div class=\"wp-block-aab-accordion-item aagb__accordion_container\" style=\"border:1px solid #cccccc;margin-top:0px;margin-bottom:15px;border-radius:0px\"><div class=\"aagb__accordion_head aab_right_icon\" data-active=\"false\" style=\"color:#333333;background-color:transparent;padding:10px 15px 10px 15px\"><div class=\"aagb__accordion_heading aab_right_icon\"><h4 class=\"aagb__accordion_title\" style=\"margin:0;color:#333333\"><strong>Wo kann ich Hoxyheads Artikel kaufen?<\/strong><\/h4><\/div><div class=\"aagb__accordion_icon\" style=\"color:#333333;background-color:transparent\"><span class=\"aagb__icon dashicons dashicons-plus-alt2\"><\/span><\/div><\/div><div class=\"aagb__accordion_body \" role=\"region\" style=\"background-color:transparent;border-top:1px solid #cccccc;padding:10px 15px 10px 15px\">\n<p style=\"margin-top:0;margin-bottom:0\">Die Artikel von Hoxyheads werden in Sport- oder Wintersportgesch\u00e4ften in Europa verkauft.&nbsp;Gibt es kein Laden in der N\u00e4he? Dann k\u00f6nnen Sie Hoxyheads online auf dieser Website bestellen oder uns eine E-Mail schicken und wir werden Ihnen sagen, wo der n\u00e4chste Shop f\u00fcr Sie ist. In K\u00fcrze kommt ein \u201estore finder\u201c als extra Service auf dieser Internetseite.&nbsp;<\/p>\n<\/div><\/div>\n\n\n\n<div class=\"wp-block-aab-accordion-item aagb__accordion_container\" style=\"border:1px solid #cccccc;margin-top:0px;margin-bottom:15px;border-radius:0px\"><div class=\"aagb__accordion_head aab_right_icon\" data-active=\"false\" style=\"color:#333333;background-color:transparent;padding:10px 15px 10px 15px\"><div class=\"aagb__accordion_heading aab_right_icon\"><h4 class=\"aagb__accordion_title\" style=\"margin:0;color:#333333\"><strong>Welche Zahlungsarten sind m\u00f6glich?<\/strong><\/h4><\/div><div class=\"aagb__accordion_icon\" style=\"color:#333333;background-color:transparent\"><span class=\"aagb__icon dashicons dashicons-plus-alt2\"><\/span><\/div><\/div><div class=\"aagb__accordion_body \" role=\"region\" style=\"background-color:transparent;border-top:1px solid #cccccc;padding:10px 15px 10px 15px\">\n<p id=\"tw-target-text\" style=\"margin-top:0;margin-bottom:0\">Die Zahlungsmethoden, die wir auf unserer Website verwenden, sind iDeal, PayPal und Kreditkarte (VISA, Mastercard, American Express). Alle Zahlungen auf unserer Website finden auf einer vollst\u00e4ndig gesicherten Zahlungsplattform statt.<\/p>\n<\/div><\/div>\n\n\n\n<div class=\"wp-block-aab-accordion-item aagb__accordion_container\" style=\"border:1px solid #cccccc;margin-top:0px;margin-bottom:15px;border-radius:0px\"><div class=\"aagb__accordion_head aab_right_icon\" data-active=\"false\" style=\"color:#333333;background-color:transparent;padding:10px 15px 10px 15px\"><div class=\"aagb__accordion_heading aab_right_icon\"><h4 class=\"aagb__accordion_title\" style=\"margin:0;color:#333333\"><strong>Wie hoch sind die Versandkosten?<\/strong><\/h4><\/div><div class=\"aagb__accordion_icon\" style=\"color:#333333;background-color:transparent\"><span class=\"aagb__icon dashicons dashicons-plus-alt2\"><\/span><\/div><\/div><div class=\"aagb__accordion_body \" role=\"region\" style=\"background-color:transparent;border-top:1px solid #cccccc;padding:10px 15px 10px 15px\">\n<p>In der Tabelle stehen die Versandkosten:<\/p>\n\n\n\n<figure class=\"wp-block-table\"><table><tbody><tr><td><strong>Land<\/strong><\/td><td><strong>Versandkosten<\/strong><\/td><\/tr><tr><td>Belgien<\/td><td>&nbsp;\u20ac 3,95<\/td><\/tr><tr><td>Bulgarien<\/td><td>&nbsp;\u20ac 12,95<\/td><\/tr><tr><td>D\u00e4nemark<\/td><td>&nbsp;\u20ac 5,95<\/td><\/tr><tr><td>Deutschland<\/td><td>&nbsp;\u20ac 3,95<\/td><\/tr><tr><td>Estland<\/td><td>&nbsp;\u20ac 7,95<\/td><\/tr><tr><td>Finnland<\/td><td>&nbsp;\u20ac 12,95<\/td><\/tr><tr><td>Frankreich<\/td><td>&nbsp;\u20ac 7,95<\/td><\/tr><tr><td>Griechenland<\/td><td>&nbsp;\u20ac 15,95<\/td><\/tr><tr><td>Ungarn<\/td><td>&nbsp;\u20ac 5,95<\/td><\/tr><tr><td>Irland<\/td><td>&nbsp;\u20ac 7,95<\/td><\/tr><tr><td>Island<\/td><td>auf Anfrage<\/td><\/tr><tr><td>Italien<\/td><td>&nbsp;\u20ac 9,95<\/td><\/tr><tr><td>Kroatien<\/td><td>&nbsp;\u20ac 12,95<\/td><\/tr><tr><td>Lettland<\/td><td>&nbsp;\u20ac 7,95<\/td><\/tr><tr><td>Liechtenstein<\/td><td>&nbsp;\u20ac 7,95<\/td><\/tr><tr><td>Litauen<\/td><td>&nbsp;\u20ac 7,95<\/td><\/tr><tr><td>Luxemburg<\/td><td>&nbsp;\u20ac 5,95<\/td><\/tr><tr><td>Die Niederlande<\/td><td>\u20ac 2,95<\/td><\/tr><tr><td>Norwegen<\/td><td>&nbsp;\u20ac 15,95<\/td><\/tr><tr><td>\u00d6sterreich<\/td><td>&nbsp;\u20ac 7,95<\/td><\/tr><tr><td>Polen<\/td><td>&nbsp;\u20ac 3,95<\/td><\/tr><tr><td>Portugal<\/td><td>&nbsp;\u20ac 7,95<\/td><\/tr><tr><td>R\u00fcmanien<\/td><td>&nbsp;\u20ac 12,95<\/td><\/tr><tr><td>Serbien<\/td><td>&nbsp;\u20ac 17,95<\/td><\/tr><tr><td>Slowenien<\/td><td>&nbsp;\u20ac 7,95<\/td><\/tr><tr><td>Slowakei<\/td><td>&nbsp;\u20ac 5,95<\/td><\/tr><tr><td>Spanien<\/td><td>&nbsp;\u20ac 9,95<\/td><\/tr><tr><td>Tschechien<\/td><td>&nbsp;\u20ac 3,95<\/td><\/tr><tr><td>Gro\u00dfbritannien<\/td><td>&nbsp;\u20ac 7,95<\/td><\/tr><tr><td>Schweden<\/td><td>&nbsp;\u20ac 7,95<\/td><\/tr><tr><td>Schweiz<\/td><td>auf Anfrage<\/td><\/tr><\/tbody><\/table><\/figure>\n<\/div><\/div>\n\n\n\n<div class=\"wp-block-aab-accordion-item aagb__accordion_container\" style=\"border:1px solid #cccccc;margin-top:0px;margin-bottom:15px;border-radius:0px\"><div class=\"aagb__accordion_head aab_right_icon\" data-active=\"false\" style=\"color:#333333;background-color:transparent;padding:10px 15px 10px 15px\"><div class=\"aagb__accordion_heading aab_right_icon\"><h4 class=\"aagb__accordion_title\" style=\"margin:0;color:#333333\"><strong>How long will it take to receive my order?<\/strong><\/h4><\/div><div class=\"aagb__accordion_icon\" style=\"color:#333333;background-color:transparent\"><span class=\"aagb__icon dashicons dashicons-plus-alt2\"><\/span><\/div><\/div><div class=\"aagb__accordion_body \" role=\"region\" style=\"background-color:transparent;border-top:1px solid #cccccc;padding:10px 15px 10px 15px\">\n<p>In the table below you see the delivery schedule for orders within the Netherlands.<\/p>\n\n\n\n<figure class=\"wp-block-table\"><table><tbody><tr><td><strong>Ordered and paid on<\/strong><\/td><td><strong>Delivered on<\/strong><\/td><\/tr><tr><td>Monday before 13.00 h<\/td><td>Tuesday<\/td><\/tr><tr><td>Tuesday before 13.00 h<\/td><td>Wednesday<\/td><\/tr><tr><td>Wednesday before 13.00 h<\/td><td>Thursday<\/td><\/tr><tr><td>Thursday before 13.00 h<\/td><td>Friday<\/td><\/tr><tr><td>Friday before 13.00 h<\/td><td>Saturday<\/td><\/tr><tr><td>Saturday<\/td><td>Tuesday<\/td><\/tr><tr><td>Sunday<\/td><td>Tuesday<\/td><\/tr><\/tbody><\/table><\/figure>\n\n\n\n<p>See the table below for the estimated delivery times outside the Netherlands. Please contact us if your country is not in the table below.<\/p>\n\n\n\n<figure class=\"wp-block-table\"><table><tbody><tr><td><strong>Country<\/strong><\/td><td><strong>&nbsp;Delivery time in business days<\/strong><\/td><\/tr><tr><td>Belgium<\/td><td>1 to 2<\/td><\/tr><tr><td>Austria<\/td><td>2<\/td><\/tr><tr><td>Bulgaria<\/td><td>6<\/td><\/tr><tr><td>Croatia<\/td><td>4<\/td><\/tr><tr><td>Czech Republic<\/td><td>3<\/td><\/tr><tr><td>Denmark<\/td><td>2<\/td><\/tr><tr><td>Estonia<\/td><td>4<\/td><\/tr><tr><td>Finland<\/td><td>5<\/td><\/tr><tr><td>France<\/td><td>3<\/td><\/tr><tr><td>Germany<\/td><td>2<\/td><\/tr><tr><td>Greece<\/td><td>6<\/td><\/tr><tr><td>Hungary<\/td><td>3<\/td><\/tr><tr><td>Iceland<\/td><td>on request<\/td><\/tr><tr><td>Ireland<\/td><td>3<\/td><\/tr><tr><td>Italy<\/td><td>4<\/td><\/tr><tr><td>Latvia<\/td><td>4<\/td><\/tr><tr><td>Liechtenstein<\/td><td>3<\/td><\/tr><tr><td>Lithuania<\/td><td>4<\/td><\/tr><tr><td>Luxemburg<\/td><td>1 to 2<\/td><\/tr><tr><td>Norway<\/td><td>5<\/td><\/tr><tr><td>Poland<\/td><td>3<\/td><\/tr><tr><td>Portugal<\/td><td>5<\/td><\/tr><tr><td>Romania<\/td><td>4<\/td><\/tr><tr><td>Serbia<\/td><td>6<\/td><\/tr><tr><td>Slovenia<\/td><td>3<\/td><\/tr><tr><td>Slovakia<\/td><td>3<\/td><\/tr><tr><td>Spain<\/td><td>5<\/td><\/tr><tr><td>Sweden<\/td><td>3<\/td><\/tr><tr><td>Switzerland<\/td><td>on request<\/td><\/tr><tr><td>United Kingdom<\/td><td>3<\/td><\/tr><\/tbody><\/table><\/figure>\n<\/div><\/div>\n\n\n\n<div class=\"wp-block-aab-accordion-item aagb__accordion_container\" style=\"border:1px solid #cccccc;margin-top:0px;margin-bottom:15px;border-radius:0px\"><div class=\"aagb__accordion_head aab_right_icon\" data-active=\"false\" style=\"color:#333333;background-color:transparent;padding:10px 15px 10px 15px\"><div class=\"aagb__accordion_heading aab_right_icon\"><h4 class=\"aagb__accordion_title\" style=\"margin:0;color:#333333\"><strong>Wie schnell wird ein Artikel geliefert?<\/strong><\/h4><\/div><div class=\"aagb__accordion_icon\" style=\"color:#333333;background-color:transparent\"><span class=\"aagb__icon dashicons dashicons-plus-alt2\"><\/span><\/div><\/div><div class=\"aagb__accordion_body \" role=\"region\" style=\"background-color:transparent;border-top:1px solid #cccccc;padding:10px 15px 10px 15px\">\n<p>In der folgenden Tabelle werden die Lieferzeiten f\u00fcr eine Adresse in den Niederlanden dargestellt.<\/p>\n\n\n\n<figure class=\"wp-block-table\"><table><tbody><tr><td><strong>Bestellt und bezahlt am<\/strong><\/td><td><strong>Zustellung<\/strong><\/td><\/tr><tr><td>Montag vor 13:00 Uhr<\/td><td>Dienstag<\/td><\/tr><tr><td>Dienstag vor 13:00 Uhr<\/td><td>Mittwoch<\/td><\/tr><tr><td>Mittwoch vor 13:00 Uhr<\/td><td>donnerstag<\/td><\/tr><tr><td>Donnerstag vor 13:00 Uhr<\/td><td>Freitag<\/td><\/tr><tr><td>Freitag vor 13:00 Uhr<\/td><td>Samstag<\/td><\/tr><tr><td>Samstag<\/td><td>Dienstag<\/td><\/tr><tr><td>Sonntag<\/td><td>Dienstag<\/td><\/tr><\/tbody><\/table><\/figure>\n\n\n\n<p>Haben Sie eine Lieferadresse au\u00dferhalb der Niederlande angegeben? F\u00fcr internationale Lieferungen gibt die folgende Tabelle eine Indikation der Lieferzeit an.<\/p>\n\n\n\n<figure class=\"wp-block-table\"><table><tbody><tr><td><strong>Land<\/strong><\/td><td><strong>Lieferzeit in Werktagen<\/strong><\/td><\/tr><tr><td>Belgien<\/td><td>1 bis 2<\/td><\/tr><tr><td>\u00d6sterreich<\/td><td>2<\/td><\/tr><tr><td>Bulgarien<\/td><td>6<\/td><\/tr><tr><td>Kroatien<\/td><td>4<\/td><\/tr><tr><td>Tschechien<\/td><td>3<\/td><\/tr><tr><td>D\u00e4nemark<\/td><td>2<\/td><\/tr><tr><td>Estland<\/td><td>4<\/td><\/tr><tr><td>Finnland<\/td><td>5<\/td><\/tr><tr><td>Frankreich<\/td><td>3<\/td><\/tr><tr><td>Deutschland<\/td><td>2<\/td><\/tr><tr><td>Griechenland<\/td><td>6<\/td><\/tr><tr><td>Ungarn<\/td><td>3<\/td><\/tr><tr><td>Island<\/td><td>auf Anfrage<\/td><\/tr><tr><td>Irland<\/td><td>3<\/td><\/tr><tr><td>Italien<\/td><td>4<\/td><\/tr><tr><td>Lettland<\/td><td>4<\/td><\/tr><tr><td>Liechtenstein<\/td><td>3<\/td><\/tr><tr><td>Litauen<\/td><td>4<\/td><\/tr><tr><td>Luxemburg<\/td><td>1 bis 2<\/td><\/tr><tr><td>Norwegen<\/td><td>5<\/td><\/tr><tr><td>Polen<\/td><td>3<\/td><\/tr><tr><td>Portugal<\/td><td>5<\/td><\/tr><tr><td>R\u00fcmanien<\/td><td>4<\/td><\/tr><tr><td>Serbien<\/td><td>6<\/td><\/tr><tr><td>Slowenien<\/td><td>3<\/td><\/tr><tr><td>Slowakei<\/td><td>3<\/td><\/tr><tr><td>Spanien<\/td><td>5<\/td><\/tr><tr><td>Schweden<\/td><td>3<\/td><\/tr><tr><td>Schweiz<\/td><td>auf Anfrage<\/td><\/tr><tr><td>Gro\u00dfbritannien<\/td><td>3<\/td><\/tr><\/tbody><\/table><\/figure>\n<\/div><\/div>\n<\/div>\n\n<\/div>\n<\/div>","protected":false},"excerpt":{"rendered":"","protected":false},"author":1,"featured_media":0,"parent":0,"menu_order":0,"comment_status":"closed","ping_status":"closed","template":"","meta":{"footnotes":""},"class_list":["post-3784","page","type-page","status-publish","hentry"],"blocksy_meta":[],"acf":[],"_links":{"self":[{"href":"https:\/\/www.hoxyheads.com\/de\/wp-json\/wp\/v2\/pages\/3784","targetHints":{"allow":["GET"]}}],"collection":[{"href":"https:\/\/www.hoxyheads.com\/de\/wp-json\/wp\/v2\/pages"}],"about":[{"href":"https:\/\/www.hoxyheads.com\/de\/wp-json\/wp\/v2\/types\/page"}],"author":[{"embeddable":true,"href":"https:\/\/www.hoxyheads.com\/de\/wp-json\/wp\/v2\/users\/1"}],"replies":[{"embeddable":true,"href":"https:\/\/www.hoxyheads.com\/de\/wp-json\/wp\/v2\/comments?post=3784"}],"version-history":[{"count":1,"href":"https:\/\/www.hoxyheads.com\/de\/wp-json\/wp\/v2\/pages\/3784\/revisions"}],"predecessor-version":[{"id":3785,"href":"https:\/\/www.hoxyheads.com\/de\/wp-json\/wp\/v2\/pages\/3784\/revisions\/3785"}],"wp:attachment":[{"href":"https:\/\/www.hoxyheads.com\/de\/wp-json\/wp\/v2\/media?parent=3784"}],"curies":[{"name":"wp","href":"https:\/\/api.w.org\/{rel}","templated":true}]}}